{"id":268,"date":"2018-01-29T13:36:27","date_gmt":"2018-01-29T13:36:27","guid":{"rendered":"https:\/\/espaciodearte7.com\/?page_id=268"},"modified":"2025-01-24T11:56:36","modified_gmt":"2025-01-24T11:56:36","slug":"home-de","status":"publish","type":"page","link":"https:\/\/espaciodearte7.com\/de\/","title":{"rendered":"Home"},"content":{"rendered":"\n<div class=\"wp-block-uagb-image uagb-block-6ec4afea wp-block-uagb-image--layout-default wp-block-uagb-image--effect-static wp-block-uagb-image--align-none\"><figure class=\"wp-block-uagb-image__figure\"><img decoding=\"async\" srcset=\"https:\/\/espaciodearte7.com\/wp-content\/uploads\/IMG_20241204_070420-scaled.webp ,https:\/\/espaciodearte7.com\/wp-content\/uploads\/IMG_20241204_070420-scaled.webp 780w, https:\/\/espaciodearte7.com\/wp-content\/uploads\/IMG_20241204_070420-scaled.webp 360w\" sizes=\"auto, (max-width: 480px) 150px\" src=\"https:\/\/espaciodearte7.com\/wp-content\/uploads\/IMG_20241204_070420-scaled.webp\" alt=\"\" class=\"uag-image-1347\" width=\"2560\" height=\"835\" title=\"IMG_20241204_070420\" loading=\"lazy\" role=\"img\"\/><\/figure><\/div>\n\n\n\n<div class=\"wp-block-uagb-container uagb-block-43a600e2 alignfull uagb-is-root-container\"><div class=\"uagb-container-inner-blocks-wrap\">\n<h1 style=\"text-align: center;\">ART SPACE 7<\/h1>\n<p>Der Zweck des Espacio de Arte 7 besteht darin, Kunst zu f\u00f6rdern. Es ist auch ein perfekter Ort, um beeindruckende Werke und insbesondere aufstrebende K\u00fcnstler zu entdecken. Es ist ein sehr pers\u00f6nlicher Raum mit wechselnden Ausstellungen, sodass es immer etwas Neues geben wird.<\/p>\n<p>Ein Ort, der der Kreation und dem Experimentieren gewidmet ist, wo alle Techniken und Formate passen; getreu einer Philosophie der Identit\u00e4t und Nachhaltigkeit; mit neuen Sprachen in der konzeptuellen und minimalistischen Kunst und wo die Verschmelzung von Natur, Erde und Umwelt einen Raum erm\u00f6glicht, in dem k\u00fcnstlerische Aktionen mit Licht, Farbe und Formen verwandelt werden.<\/p>\n<p>Sch\u00f6pfer mit verschiedenen k\u00fcnstlerischen Disziplinen, von der Malerei bis zur Skulptur, entwerfen Werke mit au\u00dfergew\u00f6hnlichem \u00e4sthetischen Wert f\u00fcr diejenigen, die ein einzigartiges und emotionales St\u00fcck suchen (das die Inneneinrichtung ihres Hauses ver\u00e4ndert). Ausgezeichnete Werke von Wert und zeitgen\u00f6ssischem Trend sowie Werke zu erschwinglicheren Preisen.<\/p>\n<p>Ein kleiner Raum in einer kleinen Stadt, aber mit einer <em>Tradition in der Kunst<\/em>. Das Geb\u00e4ude befindet sich am Camino Panch\u00f3n 7, Los Llanos de Aridane, Insel La Palma, zielt darauf ab, Kunst einem breiten Publikum zug\u00e4nglich zu machen und ist einen Besuch wert.<\/p>\n<\/div><\/div>\n","protected":false},"excerpt":{"rendered":"<p>ART SPACE 7 Der Zweck des Espacio de Arte 7 besteht darin, Kunst zu f\u00f6rdern. Es ist auch ein perfekter Ort, um beeindruckende Werke und insbesondere aufstrebende K\u00fcnstler zu entdecken. Es ist ein sehr pers\u00f6nlicher Raum mit wechselnden Ausstellungen, sodass es immer etwas Neues geben wird. Ein Ort, der der Kreation und dem Experimentieren gewidmet [&hellip;]<\/p>\n","protected":false},"author":2,"featured_media":0,"parent":0,"menu_order":0,"comment_status":"closed","ping_status":"closed","template":"","meta":{"_uag_custom_page_level_css":"","site-sidebar-layout":"default","site-content-layout":"","ast-site-content-layout":"default","site-content-style":"default","site-sidebar-style":"default","ast-global-header-display":"","ast-banner-title-visibility":"","ast-main-header-display":"","ast-hfb-above-header-display":"","ast-hfb-below-header-display":"","ast-hfb-mobile-header-display":"","site-post-title":"","ast-breadcrumbs-content":"","ast-featured-img":"","footer-sml-layout":"","ast-disable-related-posts":"","theme-transparent-header-meta":"","adv-header-id-meta":"","stick-header-meta":"","header-above-stick-meta":"","header-main-stick-meta":"","header-below-stick-meta":"","astra-migrate-meta-layouts":"set","ast-page-background-enabled":"default","ast-page-background-meta":{"desktop":{"background-color":"var(--ast-global-color-4)","background-image":"","background-repeat":"repeat","background-position":"center center","background-size":"auto","background-attachment":"scroll","background-type":"","background-media":"","overlay-type":"","overlay-color":"","overlay-opacity":"","overlay-gradient":""},"tablet":{"background-color":"","background-image":"","background-repeat":"repeat","background-position":"center center","background-size":"auto","background-attachment":"scroll","background-type":"","background-media":"","overlay-type":"","overlay-color":"","overlay-opacity":"","overlay-gradient":""},"mobile":{"background-color":"","background-image":"","background-repeat":"repeat","background-position":"center center","background-size":"auto","background-attachment":"scroll","background-type":"","background-media":"","overlay-type":"","overlay-color":"","overlay-opacity":"","overlay-gradient":""}},"ast-content-background-meta":{"desktop":{"background-color":"var(--ast-global-color-5)","background-image":"","background-repeat":"repeat","background-position":"center center","background-size":"auto","background-attachment":"scroll","background-type":"","background-media":"","overlay-type":"","overlay-color":"","overlay-opacity":"","overlay-gradient":""},"tablet":{"background-color":"var(--ast-global-color-5)","background-image":"","background-repeat":"repeat","background-position":"center center","background-size":"auto","background-attachment":"scroll","background-type":"","background-media":"","overlay-type":"","overlay-color":"","overlay-opacity":"","overlay-gradient":""},"mobile":{"background-color":"var(--ast-global-color-5)","background-image":"","background-repeat":"repeat","background-position":"center center","background-size":"auto","background-attachment":"scroll","background-type":"","background-media":"","overlay-type":"","overlay-color":"","overlay-opacity":"","overlay-gradient":""}},"footnotes":""},"class_list":["post-268","page","type-page","status-publish","hentry"],"yoast_head":"<!-- This site is optimized with the Yoast SEO plugin v27.5 - https:\/\/yoast.com\/product\/yoast-seo-wordpress\/ -->\n<title>Home - Espacio de Arte 7<\/title>\n<meta name=\"robots\" content=\"index, follow, max-snippet:-1, max-image-preview:large, max-video-preview:-1\" \/>\n<link rel=\"canonical\" href=\"https:\/\/espaciodearte7.com\/de\/\" \/>\n<meta property=\"og:locale\" content=\"de_DE\" \/>\n<meta property=\"og:type\" content=\"article\" \/>\n<meta property=\"og:title\" content=\"Home - Espacio de Arte 7\" \/>\n<meta property=\"og:description\" content=\"ART SPACE 7 Der Zweck des Espacio de Arte 7 besteht darin, Kunst zu f\u00f6rdern. Es ist auch ein perfekter Ort, um beeindruckende Werke und insbesondere aufstrebende K\u00fcnstler zu entdecken. Es ist ein sehr pers\u00f6nlicher Raum mit wechselnden Ausstellungen, sodass es immer etwas Neues geben wird. Ein Ort, der der Kreation und dem Experimentieren gewidmet [&hellip;]\" \/>\n<meta property=\"og:url\" content=\"https:\/\/espaciodearte7.com\/de\/\" \/>\n<meta property=\"og:site_name\" content=\"Espacio de Arte 7\" \/>\n<meta property=\"article:modified_time\" content=\"2025-01-24T11:56:36+00:00\" \/>\n<meta property=\"og:image\" content=\"https:\/\/espaciodearte7.com\/wp-content\/uploads\/IMG_20241204_070420-scaled.webp\" \/>\n<meta name=\"twitter:card\" content=\"summary_large_image\" \/>\n<meta name=\"twitter:label1\" content=\"Gesch\u00e4tzte Lesezeit\" \/>\n\t<meta name=\"twitter:data1\" content=\"2\u00a0Minuten\" \/>\n<script type=\"application\/ld+json\" class=\"yoast-schema-graph\">{\"@context\":\"https:\\\/\\\/schema.org\",\"@graph\":[{\"@type\":\"WebPage\",\"@id\":\"https:\\\/\\\/espaciodearte7.com\\\/de\\\/\",\"url\":\"https:\\\/\\\/espaciodearte7.com\\\/de\\\/\",\"name\":\"Home - Espacio de Arte 7\",\"isPartOf\":{\"@id\":\"https:\\\/\\\/espaciodearte7.com\\\/de\\\/#website\"},\"primaryImageOfPage\":{\"@id\":\"https:\\\/\\\/espaciodearte7.com\\\/de\\\/#primaryimage\"},\"image\":{\"@id\":\"https:\\\/\\\/espaciodearte7.com\\\/de\\\/#primaryimage\"},\"thumbnailUrl\":\"https:\\\/\\\/espaciodearte7.com\\\/wp-content\\\/uploads\\\/IMG_20241204_070420-scaled.webp\",\"datePublished\":\"2018-01-29T13:36:27+00:00\",\"dateModified\":\"2025-01-24T11:56:36+00:00\",\"breadcrumb\":{\"@id\":\"https:\\\/\\\/espaciodearte7.com\\\/de\\\/#breadcrumb\"},\"inLanguage\":\"de\",\"potentialAction\":[{\"@type\":\"ReadAction\",\"target\":[\"https:\\\/\\\/espaciodearte7.com\\\/de\\\/\"]}]},{\"@type\":\"ImageObject\",\"inLanguage\":\"de\",\"@id\":\"https:\\\/\\\/espaciodearte7.com\\\/de\\\/#primaryimage\",\"url\":\"https:\\\/\\\/espaciodearte7.com\\\/wp-content\\\/uploads\\\/IMG_20241204_070420-scaled.webp\",\"contentUrl\":\"https:\\\/\\\/espaciodearte7.com\\\/wp-content\\\/uploads\\\/IMG_20241204_070420-scaled.webp\"},{\"@type\":\"BreadcrumbList\",\"@id\":\"https:\\\/\\\/espaciodearte7.com\\\/de\\\/#breadcrumb\",\"itemListElement\":[{\"@type\":\"ListItem\",\"position\":1,\"name\":\"Home\",\"item\":\"https:\\\/\\\/espaciodearte7.com\\\/de\\\/\"},{\"@type\":\"ListItem\",\"position\":2,\"name\":\"Home\"}]},{\"@type\":\"WebSite\",\"@id\":\"https:\\\/\\\/espaciodearte7.com\\\/de\\\/#website\",\"url\":\"https:\\\/\\\/espaciodearte7.com\\\/de\\\/\",\"name\":\"Espacio de Arte 7\",\"description\":\"home\",\"publisher\":{\"@id\":\"https:\\\/\\\/espaciodearte7.com\\\/de\\\/#organization\"},\"potentialAction\":[{\"@type\":\"SearchAction\",\"target\":{\"@type\":\"EntryPoint\",\"urlTemplate\":\"https:\\\/\\\/espaciodearte7.com\\\/de\\\/?s={search_term_string}\"},\"query-input\":{\"@type\":\"PropertyValueSpecification\",\"valueRequired\":true,\"valueName\":\"search_term_string\"}}],\"inLanguage\":\"de\"},{\"@type\":\"Organization\",\"@id\":\"https:\\\/\\\/espaciodearte7.com\\\/de\\\/#organization\",\"name\":\"Espacio de arte 7\",\"url\":\"https:\\\/\\\/espaciodearte7.com\\\/de\\\/\",\"logo\":{\"@type\":\"ImageObject\",\"inLanguage\":\"de\",\"@id\":\"https:\\\/\\\/espaciodearte7.com\\\/de\\\/#\\\/schema\\\/logo\\\/image\\\/\",\"url\":\"https:\\\/\\\/espaciodearte7.com\\\/wp-content\\\/uploads\\\/Logo-Art-Space-7.webp\",\"contentUrl\":\"https:\\\/\\\/espaciodearte7.com\\\/wp-content\\\/uploads\\\/Logo-Art-Space-7.webp\",\"width\":613,\"height\":262,\"caption\":\"Espacio de arte 7\"},\"image\":{\"@id\":\"https:\\\/\\\/espaciodearte7.com\\\/de\\\/#\\\/schema\\\/logo\\\/image\\\/\"}}]}<\/script>\n<!-- \/ Yoast SEO plugin. -->","yoast_head_json":{"title":"Home - Espacio de Arte 7","robots":{"index":"index","follow":"follow","max-snippet":"max-snippet:-1","max-image-preview":"max-image-preview:large","max-video-preview":"max-video-preview:-1"},"canonical":"https:\/\/espaciodearte7.com\/de\/","og_locale":"de_DE","og_type":"article","og_title":"Home - Espacio de Arte 7","og_description":"ART SPACE 7 Der Zweck des Espacio de Arte 7 besteht darin, Kunst zu f\u00f6rdern. Es ist auch ein perfekter Ort, um beeindruckende Werke und insbesondere aufstrebende K\u00fcnstler zu entdecken. Es ist ein sehr pers\u00f6nlicher Raum mit wechselnden Ausstellungen, sodass es immer etwas Neues geben wird. Ein Ort, der der Kreation und dem Experimentieren gewidmet [&hellip;]","og_url":"https:\/\/espaciodearte7.com\/de\/","og_site_name":"Espacio de Arte 7","article_modified_time":"2025-01-24T11:56:36+00:00","og_image":[{"url":"https:\/\/espaciodearte7.com\/wp-content\/uploads\/IMG_20241204_070420-scaled.webp","type":"","width":"","height":""}],"twitter_card":"summary_large_image","twitter_misc":{"Gesch\u00e4tzte Lesezeit":"2\u00a0Minuten"},"schema":{"@context":"https:\/\/schema.org","@graph":[{"@type":"WebPage","@id":"https:\/\/espaciodearte7.com\/de\/","url":"https:\/\/espaciodearte7.com\/de\/","name":"Home - Espacio de Arte 7","isPartOf":{"@id":"https:\/\/espaciodearte7.com\/de\/#website"},"primaryImageOfPage":{"@id":"https:\/\/espaciodearte7.com\/de\/#primaryimage"},"image":{"@id":"https:\/\/espaciodearte7.com\/de\/#primaryimage"},"thumbnailUrl":"https:\/\/espaciodearte7.com\/wp-content\/uploads\/IMG_20241204_070420-scaled.webp","datePublished":"2018-01-29T13:36:27+00:00","dateModified":"2025-01-24T11:56:36+00:00","breadcrumb":{"@id":"https:\/\/espaciodearte7.com\/de\/#breadcrumb"},"inLanguage":"de","potentialAction":[{"@type":"ReadAction","target":["https:\/\/espaciodearte7.com\/de\/"]}]},{"@type":"ImageObject","inLanguage":"de","@id":"https:\/\/espaciodearte7.com\/de\/#primaryimage","url":"https:\/\/espaciodearte7.com\/wp-content\/uploads\/IMG_20241204_070420-scaled.webp","contentUrl":"https:\/\/espaciodearte7.com\/wp-content\/uploads\/IMG_20241204_070420-scaled.webp"},{"@type":"BreadcrumbList","@id":"https:\/\/espaciodearte7.com\/de\/#breadcrumb","itemListElement":[{"@type":"ListItem","position":1,"name":"Home","item":"https:\/\/espaciodearte7.com\/de\/"},{"@type":"ListItem","position":2,"name":"Home"}]},{"@type":"WebSite","@id":"https:\/\/espaciodearte7.com\/de\/#website","url":"https:\/\/espaciodearte7.com\/de\/","name":"Espacio de Arte 7","description":"home","publisher":{"@id":"https:\/\/espaciodearte7.com\/de\/#organization"},"potentialAction":[{"@type":"SearchAction","target":{"@type":"EntryPoint","urlTemplate":"https:\/\/espaciodearte7.com\/de\/?s={search_term_string}"},"query-input":{"@type":"PropertyValueSpecification","valueRequired":true,"valueName":"search_term_string"}}],"inLanguage":"de"},{"@type":"Organization","@id":"https:\/\/espaciodearte7.com\/de\/#organization","name":"Espacio de arte 7","url":"https:\/\/espaciodearte7.com\/de\/","logo":{"@type":"ImageObject","inLanguage":"de","@id":"https:\/\/espaciodearte7.com\/de\/#\/schema\/logo\/image\/","url":"https:\/\/espaciodearte7.com\/wp-content\/uploads\/Logo-Art-Space-7.webp","contentUrl":"https:\/\/espaciodearte7.com\/wp-content\/uploads\/Logo-Art-Space-7.webp","width":613,"height":262,"caption":"Espacio de arte 7"},"image":{"@id":"https:\/\/espaciodearte7.com\/de\/#\/schema\/logo\/image\/"}}]}},"spectra_custom_meta":{"_edit_lock":["1737721313:2"],"_edit_last":["2"],"_wp_page_template":[""],"_last_translation_edit_mode":["native-editor"],"_yoast_wpseo_estimated-reading-time-minutes":["2"],"astra_style_timestamp_css":["1695120937"],"_yoast_wpseo_wordproof_timestamp":[""],"footnotes":[""],"_uag_custom_page_level_css":[""],"ast-site-content-layout":["default"],"astra-migrate-meta-layouts":["set"],"_wpml_media_duplicate":["0"],"_wpml_media_featured":["0"],"adv-header-id-meta":[""],"stick-header-meta":[""],"theme-transparent-header-meta":[""],"wp_statistics_words_count":["185"],"_yoast_wpseo_content_score":["90"],"_uagb_previous_block_counts":["a:90:{s:21:\"uagb\/advanced-heading\";i:0;s:15:\"uagb\/blockquote\";i:0;s:12:\"uagb\/buttons\";i:0;s:18:\"uagb\/buttons-child\";i:0;s:19:\"uagb\/call-to-action\";i:0;s:15:\"uagb\/cf7-styler\";i:0;s:11:\"uagb\/column\";i:0;s:12:\"uagb\/columns\";i:0;s:14:\"uagb\/container\";i:1;s:21:\"uagb\/content-timeline\";i:0;s:27:\"uagb\/content-timeline-child\";i:0;s:14:\"uagb\/countdown\";i:0;s:12:\"uagb\/counter\";i:0;s:8:\"uagb\/faq\";i:0;s:14:\"uagb\/faq-child\";i:0;s:10:\"uagb\/forms\";i:0;s:17:\"uagb\/forms-accept\";i:0;s:19:\"uagb\/forms-checkbox\";i:0;s:15:\"uagb\/forms-date\";i:0;s:16:\"uagb\/forms-email\";i:0;s:17:\"uagb\/forms-hidden\";i:0;s:15:\"uagb\/forms-name\";i:0;s:16:\"uagb\/forms-phone\";i:0;s:16:\"uagb\/forms-radio\";i:0;s:17:\"uagb\/forms-select\";i:0;s:19:\"uagb\/forms-textarea\";i:0;s:17:\"uagb\/forms-toggle\";i:0;s:14:\"uagb\/forms-url\";i:0;s:14:\"uagb\/gf-styler\";i:0;s:15:\"uagb\/google-map\";i:0;s:11:\"uagb\/how-to\";i:0;s:16:\"uagb\/how-to-step\";i:0;s:9:\"uagb\/icon\";i:0;s:14:\"uagb\/icon-list\";i:0;s:20:\"uagb\/icon-list-child\";i:0;s:10:\"uagb\/image\";i:1;s:18:\"uagb\/image-gallery\";i:0;s:13:\"uagb\/info-box\";i:0;s:18:\"uagb\/inline-notice\";i:0;s:11:\"uagb\/lottie\";i:0;s:21:\"uagb\/marketing-button\";i:0;s:10:\"uagb\/modal\";i:0;s:18:\"uagb\/popup-builder\";i:0;s:16:\"uagb\/post-button\";i:0;s:18:\"uagb\/post-carousel\";i:0;s:17:\"uagb\/post-excerpt\";i:0;s:14:\"uagb\/post-grid\";i:0;s:15:\"uagb\/post-image\";i:0;s:17:\"uagb\/post-masonry\";i:0;s:14:\"uagb\/post-meta\";i:0;s:18:\"uagb\/post-taxonomy\";i:0;s:18:\"uagb\/post-timeline\";i:0;s:15:\"uagb\/post-title\";i:0;s:20:\"uagb\/restaurant-menu\";i:0;s:26:\"uagb\/restaurant-menu-child\";i:0;s:11:\"uagb\/review\";i:0;s:12:\"uagb\/section\";i:0;s:14:\"uagb\/separator\";i:0;s:11:\"uagb\/slider\";i:0;s:17:\"uagb\/slider-child\";i:0;s:17:\"uagb\/social-share\";i:0;s:23:\"uagb\/social-share-child\";i:0;s:16:\"uagb\/star-rating\";i:0;s:23:\"uagb\/sure-cart-checkout\";i:0;s:22:\"uagb\/sure-cart-product\";i:0;s:15:\"uagb\/sure-forms\";i:0;s:22:\"uagb\/table-of-contents\";i:0;s:9:\"uagb\/tabs\";i:0;s:15:\"uagb\/tabs-child\";i:0;s:18:\"uagb\/taxonomy-list\";i:0;s:9:\"uagb\/team\";i:0;s:16:\"uagb\/testimonial\";i:0;s:14:\"uagb\/wp-search\";i:0;s:19:\"uagb\/instagram-feed\";i:0;s:10:\"uagb\/login\";i:0;s:17:\"uagb\/loop-builder\";i:0;s:18:\"uagb\/loop-category\";i:0;s:20:\"uagb\/loop-pagination\";i:0;s:15:\"uagb\/loop-reset\";i:0;s:16:\"uagb\/loop-search\";i:0;s:14:\"uagb\/loop-sort\";i:0;s:17:\"uagb\/loop-wrapper\";i:0;s:13:\"uagb\/register\";i:0;s:19:\"uagb\/register-email\";i:0;s:24:\"uagb\/register-first-name\";i:0;s:23:\"uagb\/register-last-name\";i:0;s:22:\"uagb\/register-password\";i:0;s:30:\"uagb\/register-reenter-password\";i:0;s:19:\"uagb\/register-terms\";i:0;s:22:\"uagb\/register-username\";i:0;}"],"_uagb_last_spectra_edit":["1777265510"]},"uagb_featured_image_src":{"full":false,"thumbnail":false,"medium":false,"medium_large":false,"large":false,"1536x1536":false,"2048x2048":false},"uagb_author_info":{"display_name":"itlapalma","author_link":"https:\/\/espaciodearte7.com\/de\/author\/itlapalma\/"},"uagb_comment_info":0,"uagb_excerpt":"ART SPACE 7 Der Zweck des Espacio de Arte 7 besteht darin, Kunst zu f\u00f6rdern. Es ist auch ein perfekter Ort, um beeindruckende Werke und insbesondere aufstrebende K\u00fcnstler zu entdecken. Es ist ein sehr pers\u00f6nlicher Raum mit wechselnden Ausstellungen, sodass es immer etwas Neues geben wird. Ein Ort, der der Kreation und dem Experimentieren gewidmet&hellip;","_links":{"self":[{"href":"https:\/\/espaciodearte7.com\/de\/wp-json\/wp\/v2\/pages\/268","targetHints":{"allow":["GET"]}}],"collection":[{"href":"https:\/\/espaciodearte7.com\/de\/wp-json\/wp\/v2\/pages"}],"about":[{"href":"https:\/\/espaciodearte7.com\/de\/wp-json\/wp\/v2\/types\/page"}],"author":[{"embeddable":true,"href":"https:\/\/espaciodearte7.com\/de\/wp-json\/wp\/v2\/users\/2"}],"replies":[{"embeddable":true,"href":"https:\/\/espaciodearte7.com\/de\/wp-json\/wp\/v2\/comments?post=268"}],"version-history":[{"count":4,"href":"https:\/\/espaciodearte7.com\/de\/wp-json\/wp\/v2\/pages\/268\/revisions"}],"predecessor-version":[{"id":1690,"href":"https:\/\/espaciodearte7.com\/de\/wp-json\/wp\/v2\/pages\/268\/revisions\/1690"}],"wp:attachment":[{"href":"https:\/\/espaciodearte7.com\/de\/wp-json\/wp\/v2\/media?parent=268"}],"curies":[{"name":"wp","href":"https:\/\/api.w.org\/{rel}","templated":true}]}}