{"id":336,"date":"2018-01-29T14:12:21","date_gmt":"2018-01-29T14:12:21","guid":{"rendered":"https:\/\/espaciodearte7.com\/?page_id=336"},"modified":"2025-01-20T11:17:07","modified_gmt":"2025-01-20T11:17:07","slug":"contact","status":"publish","type":"page","link":"https:\/\/espaciodearte7.com\/en\/contact\/","title":{"rendered":"Contact"},"content":{"rendered":"\n<div class=\"wp-block-uagb-container uagb-block-ce3e5818 alignfull uagb-is-root-container\"><div class=\"uagb-container-inner-blocks-wrap\">\n<h1>Contact<\/h1>\n<h3>ESPACIO DE ARTE 7<\/h3>\n<p>Ana Teresa Rodr\u00edguez S\u00e1nchez<br \/>Camino Panch\u00f3n 7, Los Barros<br \/>38768 Los Llanos de Aridane<br \/>Isla de La Palma<br \/>Espa\u00f1a<\/p>\n<p><strong>M<\/strong>:\u00a0<a href=\"mailto:info@espaciodearte7.com\" target=\"_blank\" rel=\"noopener\"><span style=\"display:inline;unicode-bidi:bidi-override;direction:rtl;\" class=\"\">moc.7etraedoicapse<span style=\"display:none;\">obfsctd-1138b2<\/span>&#64;ofni<\/span><\/a><br \/><strong>T:\u00a0<\/strong><a href=\"tel:0034609744213\">+34 609 744 213<\/a><\/p>\n<\/div><\/div>\n","protected":false},"excerpt":{"rendered":"<p>Contact ESPACIO DE ARTE 7 Ana Teresa Rodr\u00edguez S\u00e1nchezCamino Panch\u00f3n 7, Los Barros38768 Los Llanos de AridaneIsla de La PalmaEspa\u00f1a M:\u00a0moc.7etraedoicapseobfsctd-87199e&#64;ofniT:\u00a0+34 609 744 213<\/p>\n","protected":false},"author":2,"featured_media":0,"parent":0,"menu_order":0,"comment_status":"closed","ping_status":"closed","template":"","meta":{"_uag_custom_page_level_css":"","site-sidebar-layout":"default","site-content-layout":"","ast-site-content-layout":"default","site-content-style":"default","site-sidebar-style":"default","ast-global-header-display":"","ast-banner-title-visibility":"","ast-main-header-display":"","ast-hfb-above-header-display":"","ast-hfb-below-header-display":"","ast-hfb-mobile-header-display":"","site-post-title":"disabled","ast-breadcrumbs-content":"","ast-featured-img":"","footer-sml-layout":"","ast-disable-related-posts":"","theme-transparent-header-meta":"","adv-header-id-meta":"","stick-header-meta":"","header-above-stick-meta":"","header-main-stick-meta":"","header-below-stick-meta":"","astra-migrate-meta-layouts":"set","ast-page-background-enabled":"default","ast-page-background-meta":{"desktop":{"background-color":"var(--ast-global-color-4)","background-image":"","background-repeat":"repeat","background-position":"center center","background-size":"auto","background-attachment":"scroll","background-type":"","background-media":"","overlay-type":"","overlay-color":"","overlay-opacity":"","overlay-gradient":""},"tablet":{"background-color":"","background-image":"","background-repeat":"repeat","background-position":"center center","background-size":"auto","background-attachment":"scroll","background-type":"","background-media":"","overlay-type":"","overlay-color":"","overlay-opacity":"","overlay-gradient":""},"mobile":{"background-color":"","background-image":"","background-repeat":"repeat","background-position":"center center","background-size":"auto","background-attachment":"scroll","background-type":"","background-media":"","overlay-type":"","overlay-color":"","overlay-opacity":"","overlay-gradient":""}},"ast-content-background-meta":{"desktop":{"background-color":"var(--ast-global-color-5)","background-image":"","background-repeat":"repeat","background-position":"center center","background-size":"auto","background-attachment":"scroll","background-type":"","background-media":"","overlay-type":"","overlay-color":"","overlay-opacity":"","overlay-gradient":""},"tablet":{"background-color":"var(--ast-global-color-5)","background-image":"","background-repeat":"repeat","background-position":"center center","background-size":"auto","background-attachment":"scroll","background-type":"","background-media":"","overlay-type":"","overlay-color":"","overlay-opacity":"","overlay-gradient":""},"mobile":{"background-color":"var(--ast-global-color-5)","background-image":"","background-repeat":"repeat","background-position":"center center","background-size":"auto","background-attachment":"scroll","background-type":"","background-media":"","overlay-type":"","overlay-color":"","overlay-opacity":"","overlay-gradient":""}},"footnotes":""},"class_list":["post-336","page","type-page","status-publish","hentry"],"yoast_head":"<!-- This site is optimized with the Yoast SEO plugin v27.5 - https:\/\/yoast.com\/product\/yoast-seo-wordpress\/ -->\n<title>Contact - Espacio de Arte 7<\/title>\n<meta name=\"robots\" content=\"index, follow, max-snippet:-1, max-image-preview:large, max-video-preview:-1\" \/>\n<link rel=\"canonical\" href=\"https:\/\/espaciodearte7.com\/en\/contact\/\" \/>\n<meta property=\"og:locale\" content=\"en_US\" \/>\n<meta property=\"og:type\" content=\"article\" \/>\n<meta property=\"og:title\" content=\"Contact - Espacio de Arte 7\" \/>\n<meta property=\"og:description\" content=\"Contact ESPACIO DE ARTE 7 Ana Teresa Rodr\u00edguez S\u00e1nchezCamino Panch\u00f3n 7, Los Barros38768 Los Llanos de AridaneIsla de La PalmaEspa\u00f1a M:\u00a0moc.7etraedoicapseobfsctd-7f7607&#064;ofniT:\u00a0+34 609 744 213\" \/>\n<meta property=\"og:url\" content=\"https:\/\/espaciodearte7.com\/en\/contact\/\" \/>\n<meta property=\"og:site_name\" content=\"Espacio de Arte 7\" \/>\n<meta property=\"article:modified_time\" content=\"2025-01-20T11:17:07+00:00\" \/>\n<meta property=\"og:image\" content=\"https:\/\/espaciodearte7.com\/wp-content\/uploads\/Logo-Art-Space-7.webp\" \/>\n\t<meta property=\"og:image:width\" content=\"613\" \/>\n\t<meta property=\"og:image:height\" content=\"262\" \/>\n\t<meta property=\"og:image:type\" content=\"image\/webp\" \/>\n<meta name=\"twitter:card\" content=\"summary_large_image\" \/>\n<meta name=\"twitter:label1\" content=\"Est. reading time\" \/>\n\t<meta name=\"twitter:data1\" content=\"1 minute\" \/>\n<script type=\"application\/ld+json\" class=\"yoast-schema-graph\">{\"@context\":\"https:\\\/\\\/schema.org\",\"@graph\":[{\"@type\":\"WebPage\",\"@id\":\"https:\\\/\\\/espaciodearte7.com\\\/en\\\/contact\\\/\",\"url\":\"https:\\\/\\\/espaciodearte7.com\\\/en\\\/contact\\\/\",\"name\":\"Contact - Espacio de Arte 7\",\"isPartOf\":{\"@id\":\"https:\\\/\\\/espaciodearte7.com\\\/en\\\/#website\"},\"datePublished\":\"2018-01-29T14:12:21+00:00\",\"dateModified\":\"2025-01-20T11:17:07+00:00\",\"breadcrumb\":{\"@id\":\"https:\\\/\\\/espaciodearte7.com\\\/en\\\/contact\\\/#breadcrumb\"},\"inLanguage\":\"en-US\",\"potentialAction\":[{\"@type\":\"ReadAction\",\"target\":[\"https:\\\/\\\/espaciodearte7.com\\\/en\\\/contact\\\/\"]}]},{\"@type\":\"BreadcrumbList\",\"@id\":\"https:\\\/\\\/espaciodearte7.com\\\/en\\\/contact\\\/#breadcrumb\",\"itemListElement\":[{\"@type\":\"ListItem\",\"position\":1,\"name\":\"Home\",\"item\":\"https:\\\/\\\/espaciodearte7.com\\\/en\\\/\"},{\"@type\":\"ListItem\",\"position\":2,\"name\":\"Contact\"}]},{\"@type\":\"WebSite\",\"@id\":\"https:\\\/\\\/espaciodearte7.com\\\/en\\\/#website\",\"url\":\"https:\\\/\\\/espaciodearte7.com\\\/en\\\/\",\"name\":\"Espacio de Arte 7\",\"description\":\"home\",\"publisher\":{\"@id\":\"https:\\\/\\\/espaciodearte7.com\\\/en\\\/#organization\"},\"potentialAction\":[{\"@type\":\"SearchAction\",\"target\":{\"@type\":\"EntryPoint\",\"urlTemplate\":\"https:\\\/\\\/espaciodearte7.com\\\/en\\\/?s={search_term_string}\"},\"query-input\":{\"@type\":\"PropertyValueSpecification\",\"valueRequired\":true,\"valueName\":\"search_term_string\"}}],\"inLanguage\":\"en-US\"},{\"@type\":\"Organization\",\"@id\":\"https:\\\/\\\/espaciodearte7.com\\\/en\\\/#organization\",\"name\":\"Espacio de arte 7\",\"url\":\"https:\\\/\\\/espaciodearte7.com\\\/en\\\/\",\"logo\":{\"@type\":\"ImageObject\",\"inLanguage\":\"en-US\",\"@id\":\"https:\\\/\\\/espaciodearte7.com\\\/en\\\/#\\\/schema\\\/logo\\\/image\\\/\",\"url\":\"https:\\\/\\\/espaciodearte7.com\\\/wp-content\\\/uploads\\\/Logo-Art-Space-7.webp\",\"contentUrl\":\"https:\\\/\\\/espaciodearte7.com\\\/wp-content\\\/uploads\\\/Logo-Art-Space-7.webp\",\"width\":613,\"height\":262,\"caption\":\"Espacio de arte 7\"},\"image\":{\"@id\":\"https:\\\/\\\/espaciodearte7.com\\\/en\\\/#\\\/schema\\\/logo\\\/image\\\/\"}}]}<\/script>\n<!-- \/ Yoast SEO plugin. -->","yoast_head_json":{"title":"Contact - Espacio de Arte 7","robots":{"index":"index","follow":"follow","max-snippet":"max-snippet:-1","max-image-preview":"max-image-preview:large","max-video-preview":"max-video-preview:-1"},"canonical":"https:\/\/espaciodearte7.com\/en\/contact\/","og_locale":"en_US","og_type":"article","og_title":"Contact - Espacio de Arte 7","og_description":"Contact ESPACIO DE ARTE 7 Ana Teresa Rodr\u00edguez S\u00e1nchezCamino Panch\u00f3n 7, Los Barros38768 Los Llanos de AridaneIsla de La PalmaEspa\u00f1a M:\u00a0moc.7etraedoicapseobfsctd-6ff70c&#64;ofniT:\u00a0+34 609 744 213","og_url":"https:\/\/espaciodearte7.com\/en\/contact\/","og_site_name":"Espacio de Arte 7","article_modified_time":"2025-01-20T11:17:07+00:00","og_image":[{"width":613,"height":262,"url":"https:\/\/espaciodearte7.com\/wp-content\/uploads\/Logo-Art-Space-7.webp","type":"image\/webp"}],"twitter_card":"summary_large_image","twitter_misc":{"Est. reading time":"1 minute"},"schema":{"@context":"https:\/\/schema.org","@graph":[{"@type":"WebPage","@id":"https:\/\/espaciodearte7.com\/en\/contact\/","url":"https:\/\/espaciodearte7.com\/en\/contact\/","name":"Contact - Espacio de Arte 7","isPartOf":{"@id":"https:\/\/espaciodearte7.com\/en\/#website"},"datePublished":"2018-01-29T14:12:21+00:00","dateModified":"2025-01-20T11:17:07+00:00","breadcrumb":{"@id":"https:\/\/espaciodearte7.com\/en\/contact\/#breadcrumb"},"inLanguage":"en-US","potentialAction":[{"@type":"ReadAction","target":["https:\/\/espaciodearte7.com\/en\/contact\/"]}]},{"@type":"BreadcrumbList","@id":"https:\/\/espaciodearte7.com\/en\/contact\/#breadcrumb","itemListElement":[{"@type":"ListItem","position":1,"name":"Home","item":"https:\/\/espaciodearte7.com\/en\/"},{"@type":"ListItem","position":2,"name":"Contact"}]},{"@type":"WebSite","@id":"https:\/\/espaciodearte7.com\/en\/#website","url":"https:\/\/espaciodearte7.com\/en\/","name":"Espacio de Arte 7","description":"home","publisher":{"@id":"https:\/\/espaciodearte7.com\/en\/#organization"},"potentialAction":[{"@type":"SearchAction","target":{"@type":"EntryPoint","urlTemplate":"https:\/\/espaciodearte7.com\/en\/?s={search_term_string}"},"query-input":{"@type":"PropertyValueSpecification","valueRequired":true,"valueName":"search_term_string"}}],"inLanguage":"en-US"},{"@type":"Organization","@id":"https:\/\/espaciodearte7.com\/en\/#organization","name":"Espacio de arte 7","url":"https:\/\/espaciodearte7.com\/en\/","logo":{"@type":"ImageObject","inLanguage":"en-US","@id":"https:\/\/espaciodearte7.com\/en\/#\/schema\/logo\/image\/","url":"https:\/\/espaciodearte7.com\/wp-content\/uploads\/Logo-Art-Space-7.webp","contentUrl":"https:\/\/espaciodearte7.com\/wp-content\/uploads\/Logo-Art-Space-7.webp","width":613,"height":262,"caption":"Espacio de arte 7"},"image":{"@id":"https:\/\/espaciodearte7.com\/en\/#\/schema\/logo\/image\/"}}]}},"spectra_custom_meta":{"_edit_lock":["1737371827:2"],"_edit_last":["2"],"_wp_page_template":[""],"_wpml_word_count":["{\"total\":4,\"to_translate\":{\"nl\":4,\"de\":4,\"es\":4}}"],"_last_translation_edit_mode":["native-editor"],"_yoast_wpseo_estimated-reading-time-minutes":["1"],"_top_nav_excluded":[""],"_cms_nav_minihome":[""],"astra_style_timestamp_css":["1669375377"],"_yoast_wpseo_wordproof_timestamp":[""],"footnotes":[""],"_uag_custom_page_level_css":[""],"ast-site-content-layout":["default"],"astra-migrate-meta-layouts":["set"],"_wpml_media_duplicate":["0"],"_wpml_media_featured":["0"],"adv-header-id-meta":[""],"stick-header-meta":[""],"site-post-title":["disabled"],"theme-transparent-header-meta":[""],"_uag_migration_processed":["1"],"wp_statistics_words_count":["21"],"_yoast_wpseo_content_score":["90"],"_uagb_previous_block_counts":["a:90:{s:21:\"uagb\/advanced-heading\";i:0;s:15:\"uagb\/blockquote\";i:0;s:12:\"uagb\/buttons\";i:0;s:18:\"uagb\/buttons-child\";i:0;s:19:\"uagb\/call-to-action\";i:0;s:15:\"uagb\/cf7-styler\";i:0;s:11:\"uagb\/column\";i:0;s:12:\"uagb\/columns\";i:0;s:14:\"uagb\/container\";i:1;s:21:\"uagb\/content-timeline\";i:0;s:27:\"uagb\/content-timeline-child\";i:0;s:14:\"uagb\/countdown\";i:0;s:12:\"uagb\/counter\";i:0;s:8:\"uagb\/faq\";i:0;s:14:\"uagb\/faq-child\";i:0;s:10:\"uagb\/forms\";i:0;s:17:\"uagb\/forms-accept\";i:0;s:19:\"uagb\/forms-checkbox\";i:0;s:15:\"uagb\/forms-date\";i:0;s:16:\"uagb\/forms-email\";i:0;s:17:\"uagb\/forms-hidden\";i:0;s:15:\"uagb\/forms-name\";i:0;s:16:\"uagb\/forms-phone\";i:0;s:16:\"uagb\/forms-radio\";i:0;s:17:\"uagb\/forms-select\";i:0;s:19:\"uagb\/forms-textarea\";i:0;s:17:\"uagb\/forms-toggle\";i:0;s:14:\"uagb\/forms-url\";i:0;s:14:\"uagb\/gf-styler\";i:0;s:15:\"uagb\/google-map\";i:0;s:11:\"uagb\/how-to\";i:0;s:16:\"uagb\/how-to-step\";i:0;s:9:\"uagb\/icon\";i:0;s:14:\"uagb\/icon-list\";i:0;s:20:\"uagb\/icon-list-child\";i:0;s:10:\"uagb\/image\";i:0;s:18:\"uagb\/image-gallery\";i:0;s:13:\"uagb\/info-box\";i:0;s:18:\"uagb\/inline-notice\";i:0;s:11:\"uagb\/lottie\";i:0;s:21:\"uagb\/marketing-button\";i:0;s:10:\"uagb\/modal\";i:0;s:18:\"uagb\/popup-builder\";i:0;s:16:\"uagb\/post-button\";i:0;s:18:\"uagb\/post-carousel\";i:0;s:17:\"uagb\/post-excerpt\";i:0;s:14:\"uagb\/post-grid\";i:0;s:15:\"uagb\/post-image\";i:0;s:17:\"uagb\/post-masonry\";i:0;s:14:\"uagb\/post-meta\";i:0;s:18:\"uagb\/post-taxonomy\";i:0;s:18:\"uagb\/post-timeline\";i:0;s:15:\"uagb\/post-title\";i:0;s:20:\"uagb\/restaurant-menu\";i:0;s:26:\"uagb\/restaurant-menu-child\";i:0;s:11:\"uagb\/review\";i:0;s:12:\"uagb\/section\";i:0;s:14:\"uagb\/separator\";i:0;s:11:\"uagb\/slider\";i:0;s:17:\"uagb\/slider-child\";i:0;s:17:\"uagb\/social-share\";i:0;s:23:\"uagb\/social-share-child\";i:0;s:16:\"uagb\/star-rating\";i:0;s:23:\"uagb\/sure-cart-checkout\";i:0;s:22:\"uagb\/sure-cart-product\";i:0;s:15:\"uagb\/sure-forms\";i:0;s:22:\"uagb\/table-of-contents\";i:0;s:9:\"uagb\/tabs\";i:0;s:15:\"uagb\/tabs-child\";i:0;s:18:\"uagb\/taxonomy-list\";i:0;s:9:\"uagb\/team\";i:0;s:16:\"uagb\/testimonial\";i:0;s:14:\"uagb\/wp-search\";i:0;s:19:\"uagb\/instagram-feed\";i:0;s:10:\"uagb\/login\";i:0;s:17:\"uagb\/loop-builder\";i:0;s:18:\"uagb\/loop-category\";i:0;s:20:\"uagb\/loop-pagination\";i:0;s:15:\"uagb\/loop-reset\";i:0;s:16:\"uagb\/loop-search\";i:0;s:14:\"uagb\/loop-sort\";i:0;s:17:\"uagb\/loop-wrapper\";i:0;s:13:\"uagb\/register\";i:0;s:19:\"uagb\/register-email\";i:0;s:24:\"uagb\/register-first-name\";i:0;s:23:\"uagb\/register-last-name\";i:0;s:22:\"uagb\/register-password\";i:0;s:30:\"uagb\/register-reenter-password\";i:0;s:19:\"uagb\/register-terms\";i:0;s:22:\"uagb\/register-username\";i:0;}"],"_uagb_last_spectra_edit":["1777265510"],"_uag_page_assets":["a:9:{s:3:\"css\";s:2437:\".wp-block-uagb-container.uagb-block-ce3e5818 .uagb-container__shape-top svg{width: calc( 100% + 1.3px );}.wp-block-uagb-container.uagb-block-ce3e5818 .uagb-container__shape.uagb-container__shape-top .uagb-container__shape-fill{fill: rgba(51,51,51,1);}.wp-block-uagb-container.uagb-block-ce3e5818 .uagb-container__shape-bottom svg{width: calc( 100% + 1.3px );}.wp-block-uagb-container.uagb-block-ce3e5818 .uagb-container__shape.uagb-container__shape-bottom .uagb-container__shape-fill{fill: rgba(51,51,51,1);}.wp-block-uagb-container.uagb-block-ce3e5818 .uagb-container__video-wrap video{opacity: 1;}.wp-block-uagb-container.uagb-is-root-container .uagb-block-ce3e5818{max-width: 100%;width: 100%;}.wp-block-uagb-container.uagb-is-root-container.alignfull.uagb-block-ce3e5818 > .uagb-container-inner-blocks-wrap{--inner-content-custom-width: min( 100%, 1150px);max-width: var(--inner-content-custom-width);width: 100%;flex-direction: column;align-items: flex-start;justify-content: flex-start;flex-wrap: nowrap;row-gap: 0px;column-gap: 0px;}.wp-block-uagb-container.uagb-block-ce3e5818{box-shadow: 0px 0px   #00000070 ;padding-top: 10px;padding-bottom: 10px;padding-left: 10px;padding-right: 10px;margin-top:  !important;margin-bottom:  !important;overflow: visible;order: initial;border-color: inherit;row-gap: 0px;column-gap: 0px;}@media only screen and (max-width: 976px) {.wp-block-uagb-container.uagb-is-root-container .uagb-block-ce3e5818{width: 100%;}.wp-block-uagb-container.uagb-is-root-container.alignfull.uagb-block-ce3e5818 > .uagb-container-inner-blocks-wrap{--inner-content-custom-width: min( 100%, 1024px);max-width: var(--inner-content-custom-width);width: 100%;}.wp-block-uagb-container.uagb-block-ce3e5818{padding-top: 10px;padding-bottom: 10px;padding-left: 10px;padding-right: 10px;margin-top:  !important;margin-bottom:  !important;order: initial;}}@media only screen and (max-width: 767px) {.wp-block-uagb-container.uagb-is-root-container .uagb-block-ce3e5818{max-width: 100%;width: 100%;}.wp-block-uagb-container.uagb-is-root-container.alignfull.uagb-block-ce3e5818 > .uagb-container-inner-blocks-wrap{--inner-content-custom-width: min( 100%, 767px);max-width: var(--inner-content-custom-width);width: 100%;flex-wrap: wrap;}.wp-block-uagb-container.uagb-block-ce3e5818{padding-top: 10px;padding-bottom: 10px;padding-left: 10px;padding-right: 10px;margin-top:  !important;margin-bottom:  !important;order: initial;}}\";s:2:\"js\";s:0:\"\";s:18:\"current_block_list\";a:2:{i:0;s:14:\"uagb\/container\";i:1;s:13:\"core\/freeform\";}s:8:\"uag_flag\";b:1;s:11:\"uag_version\";s:10:\"1778242850\";s:6:\"gfonts\";a:0:{}s:10:\"gfonts_url\";s:0:\"\";s:12:\"gfonts_files\";a:0:{}s:14:\"uag_faq_layout\";b:0;}"]},"uagb_featured_image_src":{"full":false,"thumbnail":false,"medium":false,"medium_large":false,"large":false,"1536x1536":false,"2048x2048":false},"uagb_author_info":{"display_name":"itlapalma","author_link":"https:\/\/espaciodearte7.com\/en\/author\/itlapalma\/"},"uagb_comment_info":0,"uagb_excerpt":"Contact ESPACIO DE ARTE 7 Ana Teresa Rodr\u00edguez S\u00e1nchezCamino Panch\u00f3n 7, Los Barros38768 Los Llanos de AridaneIsla de La PalmaEspa\u00f1a M:\u00a0moc.7etraedoicapseobfsctd-3fb92d&#64;ofniT:\u00a0+34 609 744 213","_links":{"self":[{"href":"https:\/\/espaciodearte7.com\/en\/wp-json\/wp\/v2\/pages\/336","targetHints":{"allow":["GET"]}}],"collection":[{"href":"https:\/\/espaciodearte7.com\/en\/wp-json\/wp\/v2\/pages"}],"about":[{"href":"https:\/\/espaciodearte7.com\/en\/wp-json\/wp\/v2\/types\/page"}],"author":[{"embeddable":true,"href":"https:\/\/espaciodearte7.com\/en\/wp-json\/wp\/v2\/users\/2"}],"replies":[{"embeddable":true,"href":"https:\/\/espaciodearte7.com\/en\/wp-json\/wp\/v2\/comments?post=336"}],"version-history":[{"count":2,"href":"https:\/\/espaciodearte7.com\/en\/wp-json\/wp\/v2\/pages\/336\/revisions"}],"predecessor-version":[{"id":1629,"href":"https:\/\/espaciodearte7.com\/en\/wp-json\/wp\/v2\/pages\/336\/revisions\/1629"}],"wp:attachment":[{"href":"https:\/\/espaciodearte7.com\/en\/wp-json\/wp\/v2\/media?parent=336"}],"curies":[{"name":"wp","href":"https:\/\/api.w.org\/{rel}","templated":true}]}}