{"id":165,"date":"2018-01-28T15:06:14","date_gmt":"2018-01-28T15:06:14","guid":{"rendered":"https:\/\/espaciodearte7.com\/?page_id=165"},"modified":"2024-12-19T11:58:41","modified_gmt":"2024-12-19T11:58:41","slug":"home","status":"publish","type":"page","link":"https:\/\/espaciodearte7.com\/es\/","title":{"rendered":"Inicio"},"content":{"rendered":"\n<div class=\"wp-block-uagb-image uagb-block-6ec4afea wp-block-uagb-image--layout-default wp-block-uagb-image--effect-static wp-block-uagb-image--align-none\"><figure class=\"wp-block-uagb-image__figure\"><img decoding=\"async\" srcset=\"https:\/\/espaciodearte7.com\/wp-content\/uploads\/IMG_20241204_070420-scaled.webp ,https:\/\/espaciodearte7.com\/wp-content\/uploads\/IMG_20241204_070420-scaled.webp 780w, https:\/\/espaciodearte7.com\/wp-content\/uploads\/IMG_20241204_070420-scaled.webp 360w\" sizes=\"auto, (max-width: 480px) 150px\" src=\"https:\/\/espaciodearte7.com\/wp-content\/uploads\/IMG_20241204_070420-scaled.webp\" alt=\"\" class=\"uag-image-1347\" width=\"2560\" height=\"835\" title=\"IMG_20241204_070420\" loading=\"lazy\" role=\"img\"\/><\/figure><\/div>\n\n\n\n<div class=\"wp-block-uagb-container uagb-block-afd1604a alignfull uagb-is-root-container\"><div class=\"uagb-container-inner-blocks-wrap\">\n<h1 style=\"text-align: center;\">ESPACIO DE ARTE 7<\/h1>\n<p>El Espacio de Arte 7 tiene como finalidad <em>potenciar el arte<\/em>, es tambi\u00e9n un lugar perfecto para descubrir obras impactantes y sobre todo artistas emergentes. Es un espacio muy personal con exposiciones que van cambiando con lo que siempre habr\u00e1 algo nuevo.<\/p>\n<p>Un lugar dedicado a la creaci\u00f3n y la experimentaci\u00f3n, en el que caben todas las t\u00e9cnicas y formatos; fiel a una filosof\u00eda de identidad y sostenibilidad; con nuevos lenguajes en el arte conceptual y minimalista donde la fusi\u00f3n naturaleza, tierra y entorno hacen posible de un espacio donde las acciones art\u00edsticas se transforman con la luz, el color, las formas.<\/p>\n<p>Se expone creadores con variadas disciplinas art\u00edsticas, desde pintura a escultura, que firman con obras con un excepcional valor est\u00e9tico para aquellos que buscan una pieza \u00fanica y emocional (que cambie el interiorismo de su casa).<br \/>Excelentes obras de valor y de tendencia contempor\u00e1nea, como tambi\u00e9n obras a precios m\u00e1s asequibles.<\/p>\n<p>Un espacio peque\u00f1o en una ciudad peque\u00f1a, pero con <em>tradici\u00f3n en el arte<\/em>. Ubicada en Camino Panch\u00f3n 7, Los Llanos de Aridane, Isla de La Palma y que pretende acercar el arte a un amplio p\u00fablico y que merece visitar.<\/p>\n<\/div><\/div>\n","protected":false},"excerpt":{"rendered":"<p>ESPACIO DE ARTE 7 El Espacio de Arte 7 tiene como finalidad potenciar el arte, es tambi\u00e9n un lugar perfecto para descubrir obras impactantes y sobre todo artistas emergentes. Es un espacio muy personal con exposiciones que van cambiando con lo que siempre habr\u00e1 algo nuevo. Un lugar dedicado a la creaci\u00f3n y la experimentaci\u00f3n, [&hellip;]<\/p>\n","protected":false},"author":2,"featured_media":0,"parent":0,"menu_order":0,"comment_status":"closed","ping_status":"closed","template":"","meta":{"_uag_custom_page_level_css":"","site-sidebar-layout":"default","site-content-layout":"","ast-site-content-layout":"default","site-content-style":"default","site-sidebar-style":"default","ast-global-header-display":"","ast-banner-title-visibility":"","ast-main-header-display":"","ast-hfb-above-header-display":"","ast-hfb-below-header-display":"","ast-hfb-mobile-header-display":"","site-post-title":"","ast-breadcrumbs-content":"","ast-featured-img":"","footer-sml-layout":"","ast-disable-related-posts":"","theme-transparent-header-meta":"","adv-header-id-meta":"","stick-header-meta":"","header-above-stick-meta":"","header-main-stick-meta":"","header-below-stick-meta":"","astra-migrate-meta-layouts":"set","ast-page-background-enabled":"default","ast-page-background-meta":{"desktop":{"background-color":"var(--ast-global-color-4)","background-image":"","background-repeat":"repeat","background-position":"center center","background-size":"auto","background-attachment":"scroll","background-type":"","background-media":"","overlay-type":"","overlay-color":"","overlay-opacity":"","overlay-gradient":""},"tablet":{"background-color":"","background-image":"","background-repeat":"repeat","background-position":"center center","background-size":"auto","background-attachment":"scroll","background-type":"","background-media":"","overlay-type":"","overlay-color":"","overlay-opacity":"","overlay-gradient":""},"mobile":{"background-color":"","background-image":"","background-repeat":"repeat","background-position":"center center","background-size":"auto","background-attachment":"scroll","background-type":"","background-media":"","overlay-type":"","overlay-color":"","overlay-opacity":"","overlay-gradient":""}},"ast-content-background-meta":{"desktop":{"background-color":"var(--ast-global-color-5)","background-image":"","background-repeat":"repeat","background-position":"center center","background-size":"auto","background-attachment":"scroll","background-type":"","background-media":"","overlay-type":"","overlay-color":"","overlay-opacity":"","overlay-gradient":""},"tablet":{"background-color":"var(--ast-global-color-5)","background-image":"","background-repeat":"repeat","background-position":"center center","background-size":"auto","background-attachment":"scroll","background-type":"","background-media":"","overlay-type":"","overlay-color":"","overlay-opacity":"","overlay-gradient":""},"mobile":{"background-color":"var(--ast-global-color-5)","background-image":"","background-repeat":"repeat","background-position":"center center","background-size":"auto","background-attachment":"scroll","background-type":"","background-media":"","overlay-type":"","overlay-color":"","overlay-opacity":"","overlay-gradient":""}},"footnotes":""},"class_list":["post-165","page","type-page","status-publish","hentry"],"yoast_head":"<!-- This site is optimized with the Yoast SEO plugin v27.3 - https:\/\/yoast.com\/product\/yoast-seo-wordpress\/ -->\n<title>Inicio - Espacio de Arte 7<\/title>\n<meta name=\"robots\" content=\"index, follow, max-snippet:-1, max-image-preview:large, max-video-preview:-1\" \/>\n<link rel=\"canonical\" href=\"https:\/\/espaciodearte7.com\/es\/\" \/>\n<meta property=\"og:locale\" content=\"es_ES\" \/>\n<meta property=\"og:type\" content=\"article\" \/>\n<meta property=\"og:title\" content=\"Inicio - Espacio de Arte 7\" \/>\n<meta property=\"og:description\" content=\"ESPACIO DE ARTE 7 El Espacio de Arte 7 tiene como finalidad potenciar el arte, es tambi\u00e9n un lugar perfecto para descubrir obras impactantes y sobre todo artistas emergentes. Es un espacio muy personal con exposiciones que van cambiando con lo que siempre habr\u00e1 algo nuevo. Un lugar dedicado a la creaci\u00f3n y la experimentaci\u00f3n, [&hellip;]\" \/>\n<meta property=\"og:url\" content=\"https:\/\/espaciodearte7.com\/es\/\" \/>\n<meta property=\"og:site_name\" content=\"Espacio de Arte 7\" \/>\n<meta property=\"article:modified_time\" content=\"2024-12-19T11:58:41+00:00\" \/>\n<meta property=\"og:image\" content=\"https:\/\/espaciodearte7.com\/wp-content\/uploads\/IMG_20241204_070420-scaled.webp\" \/>\n<meta name=\"twitter:card\" content=\"summary_large_image\" \/>\n<meta name=\"twitter:label1\" content=\"Tiempo de lectura\" \/>\n\t<meta name=\"twitter:data1\" content=\"2 minutos\" \/>\n<script type=\"application\/ld+json\" class=\"yoast-schema-graph\">{\"@context\":\"https:\\\/\\\/schema.org\",\"@graph\":[{\"@type\":\"WebPage\",\"@id\":\"https:\\\/\\\/espaciodearte7.com\\\/es\\\/\",\"url\":\"https:\\\/\\\/espaciodearte7.com\\\/es\\\/\",\"name\":\"Inicio - Espacio de Arte 7\",\"isPartOf\":{\"@id\":\"https:\\\/\\\/espaciodearte7.com\\\/es\\\/#website\"},\"primaryImageOfPage\":{\"@id\":\"https:\\\/\\\/espaciodearte7.com\\\/es\\\/#primaryimage\"},\"image\":{\"@id\":\"https:\\\/\\\/espaciodearte7.com\\\/es\\\/#primaryimage\"},\"thumbnailUrl\":\"https:\\\/\\\/espaciodearte7.com\\\/wp-content\\\/uploads\\\/IMG_20241204_070420-scaled.webp\",\"datePublished\":\"2018-01-28T15:06:14+00:00\",\"dateModified\":\"2024-12-19T11:58:41+00:00\",\"breadcrumb\":{\"@id\":\"https:\\\/\\\/espaciodearte7.com\\\/es\\\/#breadcrumb\"},\"inLanguage\":\"es\",\"potentialAction\":[{\"@type\":\"ReadAction\",\"target\":[\"https:\\\/\\\/espaciodearte7.com\\\/es\\\/\"]}]},{\"@type\":\"ImageObject\",\"inLanguage\":\"es\",\"@id\":\"https:\\\/\\\/espaciodearte7.com\\\/es\\\/#primaryimage\",\"url\":\"https:\\\/\\\/espaciodearte7.com\\\/wp-content\\\/uploads\\\/IMG_20241204_070420-scaled.webp\",\"contentUrl\":\"https:\\\/\\\/espaciodearte7.com\\\/wp-content\\\/uploads\\\/IMG_20241204_070420-scaled.webp\"},{\"@type\":\"BreadcrumbList\",\"@id\":\"https:\\\/\\\/espaciodearte7.com\\\/es\\\/#breadcrumb\",\"itemListElement\":[{\"@type\":\"ListItem\",\"position\":1,\"name\":\"Home\",\"item\":\"https:\\\/\\\/espaciodearte7.com\\\/es\\\/\"},{\"@type\":\"ListItem\",\"position\":2,\"name\":\"Inicio\"}]},{\"@type\":\"WebSite\",\"@id\":\"https:\\\/\\\/espaciodearte7.com\\\/es\\\/#website\",\"url\":\"https:\\\/\\\/espaciodearte7.com\\\/es\\\/\",\"name\":\"Espacio de Arte 7\",\"description\":\"home\",\"publisher\":{\"@id\":\"https:\\\/\\\/espaciodearte7.com\\\/es\\\/#organization\"},\"potentialAction\":[{\"@type\":\"SearchAction\",\"target\":{\"@type\":\"EntryPoint\",\"urlTemplate\":\"https:\\\/\\\/espaciodearte7.com\\\/es\\\/?s={search_term_string}\"},\"query-input\":{\"@type\":\"PropertyValueSpecification\",\"valueRequired\":true,\"valueName\":\"search_term_string\"}}],\"inLanguage\":\"es\"},{\"@type\":\"Organization\",\"@id\":\"https:\\\/\\\/espaciodearte7.com\\\/es\\\/#organization\",\"name\":\"Espacio de arte 7\",\"url\":\"https:\\\/\\\/espaciodearte7.com\\\/es\\\/\",\"logo\":{\"@type\":\"ImageObject\",\"inLanguage\":\"es\",\"@id\":\"https:\\\/\\\/espaciodearte7.com\\\/es\\\/#\\\/schema\\\/logo\\\/image\\\/\",\"url\":\"https:\\\/\\\/espaciodearte7.com\\\/wp-content\\\/uploads\\\/Logo-Art-Space-7.webp\",\"contentUrl\":\"https:\\\/\\\/espaciodearte7.com\\\/wp-content\\\/uploads\\\/Logo-Art-Space-7.webp\",\"width\":613,\"height\":262,\"caption\":\"Espacio de arte 7\"},\"image\":{\"@id\":\"https:\\\/\\\/espaciodearte7.com\\\/es\\\/#\\\/schema\\\/logo\\\/image\\\/\"}}]}<\/script>\n<!-- \/ Yoast SEO plugin. -->","yoast_head_json":{"title":"Inicio - Espacio de Arte 7","robots":{"index":"index","follow":"follow","max-snippet":"max-snippet:-1","max-image-preview":"max-image-preview:large","max-video-preview":"max-video-preview:-1"},"canonical":"https:\/\/espaciodearte7.com\/es\/","og_locale":"es_ES","og_type":"article","og_title":"Inicio - Espacio de Arte 7","og_description":"ESPACIO DE ARTE 7 El Espacio de Arte 7 tiene como finalidad potenciar el arte, es tambi\u00e9n un lugar perfecto para descubrir obras impactantes y sobre todo artistas emergentes. Es un espacio muy personal con exposiciones que van cambiando con lo que siempre habr\u00e1 algo nuevo. Un lugar dedicado a la creaci\u00f3n y la experimentaci\u00f3n, [&hellip;]","og_url":"https:\/\/espaciodearte7.com\/es\/","og_site_name":"Espacio de Arte 7","article_modified_time":"2024-12-19T11:58:41+00:00","og_image":[{"url":"https:\/\/espaciodearte7.com\/wp-content\/uploads\/IMG_20241204_070420-scaled.webp","type":"","width":"","height":""}],"twitter_card":"summary_large_image","twitter_misc":{"Tiempo de lectura":"2 minutos"},"schema":{"@context":"https:\/\/schema.org","@graph":[{"@type":"WebPage","@id":"https:\/\/espaciodearte7.com\/es\/","url":"https:\/\/espaciodearte7.com\/es\/","name":"Inicio - Espacio de Arte 7","isPartOf":{"@id":"https:\/\/espaciodearte7.com\/es\/#website"},"primaryImageOfPage":{"@id":"https:\/\/espaciodearte7.com\/es\/#primaryimage"},"image":{"@id":"https:\/\/espaciodearte7.com\/es\/#primaryimage"},"thumbnailUrl":"https:\/\/espaciodearte7.com\/wp-content\/uploads\/IMG_20241204_070420-scaled.webp","datePublished":"2018-01-28T15:06:14+00:00","dateModified":"2024-12-19T11:58:41+00:00","breadcrumb":{"@id":"https:\/\/espaciodearte7.com\/es\/#breadcrumb"},"inLanguage":"es","potentialAction":[{"@type":"ReadAction","target":["https:\/\/espaciodearte7.com\/es\/"]}]},{"@type":"ImageObject","inLanguage":"es","@id":"https:\/\/espaciodearte7.com\/es\/#primaryimage","url":"https:\/\/espaciodearte7.com\/wp-content\/uploads\/IMG_20241204_070420-scaled.webp","contentUrl":"https:\/\/espaciodearte7.com\/wp-content\/uploads\/IMG_20241204_070420-scaled.webp"},{"@type":"BreadcrumbList","@id":"https:\/\/espaciodearte7.com\/es\/#breadcrumb","itemListElement":[{"@type":"ListItem","position":1,"name":"Home","item":"https:\/\/espaciodearte7.com\/es\/"},{"@type":"ListItem","position":2,"name":"Inicio"}]},{"@type":"WebSite","@id":"https:\/\/espaciodearte7.com\/es\/#website","url":"https:\/\/espaciodearte7.com\/es\/","name":"Espacio de Arte 7","description":"home","publisher":{"@id":"https:\/\/espaciodearte7.com\/es\/#organization"},"potentialAction":[{"@type":"SearchAction","target":{"@type":"EntryPoint","urlTemplate":"https:\/\/espaciodearte7.com\/es\/?s={search_term_string}"},"query-input":{"@type":"PropertyValueSpecification","valueRequired":true,"valueName":"search_term_string"}}],"inLanguage":"es"},{"@type":"Organization","@id":"https:\/\/espaciodearte7.com\/es\/#organization","name":"Espacio de arte 7","url":"https:\/\/espaciodearte7.com\/es\/","logo":{"@type":"ImageObject","inLanguage":"es","@id":"https:\/\/espaciodearte7.com\/es\/#\/schema\/logo\/image\/","url":"https:\/\/espaciodearte7.com\/wp-content\/uploads\/Logo-Art-Space-7.webp","contentUrl":"https:\/\/espaciodearte7.com\/wp-content\/uploads\/Logo-Art-Space-7.webp","width":613,"height":262,"caption":"Espacio de arte 7"},"image":{"@id":"https:\/\/espaciodearte7.com\/es\/#\/schema\/logo\/image\/"}}]}},"spectra_custom_meta":{"_edit_lock":["1737719774:2"],"_edit_last":["2"],"_wp_page_template":[""],"_last_translation_edit_mode":["native-editor"],"_yoast_wpseo_estimated-reading-time-minutes":["2"],"_yoast_wpseo_wordproof_timestamp":[""],"astra_style_timestamp_css":["1695121071"],"adv-header-id-meta":[""],"stick-header-meta":[""],"theme-transparent-header-meta":[""],"footnotes":[""],"_uag_custom_page_level_css":[""],"ast-site-content-layout":["default"],"astra-migrate-meta-layouts":["set"],"_wpml_media_duplicate":["0"],"_wpml_media_featured":["0"],"_yoast_wpseo_content_score":["90"],"wp_statistics_words_count":["192"],"_wpml_word_count":["{\"total\":199,\"to_translate\":{\"en\":199,\"de\":199}}"],"copied_media_ids":["a:1:{i:0;i:1350;}"],"referenced_media_ids":["a:0:{}"]},"uagb_featured_image_src":{"full":false,"thumbnail":false,"medium":false,"medium_large":false,"large":false,"1536x1536":false,"2048x2048":false},"uagb_author_info":{"display_name":"itlapalma","author_link":"https:\/\/espaciodearte7.com\/es\/author\/itlapalma\/"},"uagb_comment_info":0,"uagb_excerpt":"ESPACIO DE ARTE 7 El Espacio de Arte 7 tiene como finalidad potenciar el arte, es tambi\u00e9n un lugar perfecto para descubrir obras impactantes y sobre todo artistas emergentes. Es un espacio muy personal con exposiciones que van cambiando con lo que siempre habr\u00e1 algo nuevo. Un lugar dedicado a la creaci\u00f3n y la experimentaci\u00f3n,&hellip;","_links":{"self":[{"href":"https:\/\/espaciodearte7.com\/es\/wp-json\/wp\/v2\/pages\/165","targetHints":{"allow":["GET"]}}],"collection":[{"href":"https:\/\/espaciodearte7.com\/es\/wp-json\/wp\/v2\/pages"}],"about":[{"href":"https:\/\/espaciodearte7.com\/es\/wp-json\/wp\/v2\/types\/page"}],"author":[{"embeddable":true,"href":"https:\/\/espaciodearte7.com\/es\/wp-json\/wp\/v2\/users\/2"}],"replies":[{"embeddable":true,"href":"https:\/\/espaciodearte7.com\/es\/wp-json\/wp\/v2\/comments?post=165"}],"version-history":[{"count":5,"href":"https:\/\/espaciodearte7.com\/es\/wp-json\/wp\/v2\/pages\/165\/revisions"}],"predecessor-version":[{"id":1623,"href":"https:\/\/espaciodearte7.com\/es\/wp-json\/wp\/v2\/pages\/165\/revisions\/1623"}],"wp:attachment":[{"href":"https:\/\/espaciodearte7.com\/es\/wp-json\/wp\/v2\/media?parent=165"}],"curies":[{"name":"wp","href":"https:\/\/api.w.org\/{rel}","templated":true}]}}