{"id":945,"date":"2024-12-13T07:32:34","date_gmt":"2024-12-13T07:32:34","guid":{"rendered":"https:\/\/espaciodearte7.com\/?page_id=945"},"modified":"2024-12-19T08:06:35","modified_gmt":"2024-12-19T08:06:35","slug":"artistas","status":"publish","type":"page","link":"https:\/\/espaciodearte7.com\/es\/artistas\/","title":{"rendered":"Artistas"},"content":{"rendered":"\n<div class=\"wp-block-uagb-container uagb-block-afd1604a alignfull uagb-is-root-container\"><div class=\"uagb-container-inner-blocks-wrap\">\n<h1>Artistas<\/h1>\n<ul>\n<li><a href=\"\/es\/carmen-cologan\/\">CARMEN C\u00d3LOGAN<\/a><\/li>\n<li><a href=\"\/es\/jose-antonio-zaragoza-tobaruela\/\">JOS\u00c9 ANTONIO ZARAGOZA TOBARUELA<\/a><\/li>\n<li><a href=\"\/es\/ildefonso-aguilar-de-la-rua\/\">ILDEFONSO AGUILAR DE LA R\u00daA<\/a><\/li>\n<li><a href=\"\/es\/lucie-geffre\/\">LUCIE GEFFR\u00c9<\/a><\/li>\n<li><a href=\"\/es\/lothar-brix\/\">LOTHAR BRIX<\/a><\/li>\n<li><a href=\"\/es\/helmut-kiesewetter\/\">HELMUT KIESEWETTER<\/a><\/li>\n<li><a href=\"\/es\/meltem-uldes\/\">MELTEM ULDES<\/a><\/li>\n<li><a href=\"\/es\/peter-hermans\/\">PETER HERMANS<\/a><\/li>\n<li><a href=\"\/es\/hermann-schwahn\/\">HERMANN SCHWAHN<\/a><\/li>\n<li><a href=\"\/es\/jorg-plickat\/\">J\u00d6RG PLICKAT<\/a><\/li>\n<li><a href=\"\/es\/ana-brigida\/\">ANA BR\u00cdGIDA<\/a><\/li>\n<li><a href=\"\/es\/pedro-fausto\/\">PEDRO FAUSTO<\/a><\/li>\n<li><a href=\"\/es\/david-mendez\/\">DAVID M\u00c9NDEZ<\/a><\/li>\n<\/ul>\n<\/div><\/div>\n","protected":false},"excerpt":{"rendered":"<p>Artistas CARMEN C\u00d3LOGAN JOS\u00c9 ANTONIO ZARAGOZA TOBARUELA ILDEFONSO AGUILAR DE LA R\u00daA LUCIE GEFFR\u00c9 LOTHAR BRIX HELMUT KIESEWETTER MELTEM ULDES PETER HERMANS HERMANN SCHWAHN J\u00d6RG PLICKAT ANA BR\u00cdGIDA PEDRO FAUSTO DAVID M\u00c9NDEZ<\/p>\n","protected":false},"author":2,"featured_media":0,"parent":0,"menu_order":0,"comment_status":"closed","ping_status":"closed","template":"","meta":{"_uag_custom_page_level_css":"","site-sidebar-layout":"default","site-content-layout":"","ast-site-content-layout":"default","site-content-style":"default","site-sidebar-style":"default","ast-global-header-display":"","ast-banner-title-visibility":"","ast-main-header-display":"","ast-hfb-above-header-display":"","ast-hfb-below-header-display":"","ast-hfb-mobile-header-display":"","site-post-title":"","ast-breadcrumbs-content":"","ast-featured-img":"","footer-sml-layout":"","ast-disable-related-posts":"","theme-transparent-header-meta":"","adv-header-id-meta":"","stick-header-meta":"","header-above-stick-meta":"","header-main-stick-meta":"","header-below-stick-meta":"","astra-migrate-meta-layouts":"set","ast-page-background-enabled":"default","ast-page-background-meta":{"desktop":{"background-color":"var(--ast-global-color-4)","background-image":"","background-repeat":"repeat","background-position":"center center","background-size":"auto","background-attachment":"scroll","background-type":"","background-media":"","overlay-type":"","overlay-color":"","overlay-opacity":"","overlay-gradient":""},"tablet":{"background-color":"","background-image":"","background-repeat":"repeat","background-position":"center center","background-size":"auto","background-attachment":"scroll","background-type":"","background-media":"","overlay-type":"","overlay-color":"","overlay-opacity":"","overlay-gradient":""},"mobile":{"background-color":"","background-image":"","background-repeat":"repeat","background-position":"center center","background-size":"auto","background-attachment":"scroll","background-type":"","background-media":"","overlay-type":"","overlay-color":"","overlay-opacity":"","overlay-gradient":""}},"ast-content-background-meta":{"desktop":{"background-color":"var(--ast-global-color-5)","background-image":"","background-repeat":"repeat","background-position":"center center","background-size":"auto","background-attachment":"scroll","background-type":"","background-media":"","overlay-type":"","overlay-color":"","overlay-opacity":"","overlay-gradient":""},"tablet":{"background-color":"var(--ast-global-color-5)","background-image":"","background-repeat":"repeat","background-position":"center center","background-size":"auto","background-attachment":"scroll","background-type":"","background-media":"","overlay-type":"","overlay-color":"","overlay-opacity":"","overlay-gradient":""},"mobile":{"background-color":"var(--ast-global-color-5)","background-image":"","background-repeat":"repeat","background-position":"center center","background-size":"auto","background-attachment":"scroll","background-type":"","background-media":"","overlay-type":"","overlay-color":"","overlay-opacity":"","overlay-gradient":""}},"footnotes":""},"class_list":["post-945","page","type-page","status-publish","hentry"],"yoast_head":"<!-- This site is optimized with the Yoast SEO plugin v27.5 - https:\/\/yoast.com\/product\/yoast-seo-wordpress\/ -->\n<title>Artistas - Espacio de Arte 7<\/title>\n<meta name=\"robots\" content=\"index, follow, max-snippet:-1, max-image-preview:large, max-video-preview:-1\" \/>\n<link rel=\"canonical\" href=\"https:\/\/espaciodearte7.com\/es\/artistas\/\" \/>\n<meta property=\"og:locale\" content=\"es_ES\" \/>\n<meta property=\"og:type\" content=\"article\" \/>\n<meta property=\"og:title\" content=\"Artistas - Espacio de Arte 7\" \/>\n<meta property=\"og:description\" content=\"Artistas CARMEN C\u00d3LOGAN JOS\u00c9 ANTONIO ZARAGOZA TOBARUELA ILDEFONSO AGUILAR DE LA R\u00daA LUCIE GEFFR\u00c9 LOTHAR BRIX HELMUT KIESEWETTER MELTEM ULDES PETER HERMANS HERMANN SCHWAHN J\u00d6RG PLICKAT ANA BR\u00cdGIDA PEDRO FAUSTO DAVID M\u00c9NDEZ\" \/>\n<meta property=\"og:url\" content=\"https:\/\/espaciodearte7.com\/es\/artistas\/\" \/>\n<meta property=\"og:site_name\" content=\"Espacio de Arte 7\" \/>\n<meta property=\"article:modified_time\" content=\"2024-12-19T08:06:35+00:00\" \/>\n<meta property=\"og:image\" content=\"https:\/\/espaciodearte7.com\/wp-content\/uploads\/Logo-Art-Space-7.webp\" \/>\n\t<meta property=\"og:image:width\" content=\"613\" \/>\n\t<meta property=\"og:image:height\" content=\"262\" \/>\n\t<meta property=\"og:image:type\" content=\"image\/webp\" \/>\n<meta name=\"twitter:card\" content=\"summary_large_image\" \/>\n<meta name=\"twitter:label1\" content=\"Tiempo de lectura\" \/>\n\t<meta name=\"twitter:data1\" content=\"1 minuto\" \/>\n<script type=\"application\/ld+json\" class=\"yoast-schema-graph\">{\"@context\":\"https:\\\/\\\/schema.org\",\"@graph\":[{\"@type\":\"WebPage\",\"@id\":\"https:\\\/\\\/espaciodearte7.com\\\/es\\\/artistas\\\/\",\"url\":\"https:\\\/\\\/espaciodearte7.com\\\/es\\\/artistas\\\/\",\"name\":\"Artistas - Espacio de Arte 7\",\"isPartOf\":{\"@id\":\"https:\\\/\\\/espaciodearte7.com\\\/es\\\/#website\"},\"datePublished\":\"2024-12-13T07:32:34+00:00\",\"dateModified\":\"2024-12-19T08:06:35+00:00\",\"breadcrumb\":{\"@id\":\"https:\\\/\\\/espaciodearte7.com\\\/es\\\/artistas\\\/#breadcrumb\"},\"inLanguage\":\"es\",\"potentialAction\":[{\"@type\":\"ReadAction\",\"target\":[\"https:\\\/\\\/espaciodearte7.com\\\/es\\\/artistas\\\/\"]}]},{\"@type\":\"BreadcrumbList\",\"@id\":\"https:\\\/\\\/espaciodearte7.com\\\/es\\\/artistas\\\/#breadcrumb\",\"itemListElement\":[{\"@type\":\"ListItem\",\"position\":1,\"name\":\"Home\",\"item\":\"https:\\\/\\\/espaciodearte7.com\\\/es\\\/\"},{\"@type\":\"ListItem\",\"position\":2,\"name\":\"Artistas\"}]},{\"@type\":\"WebSite\",\"@id\":\"https:\\\/\\\/espaciodearte7.com\\\/es\\\/#website\",\"url\":\"https:\\\/\\\/espaciodearte7.com\\\/es\\\/\",\"name\":\"Espacio de Arte 7\",\"description\":\"home\",\"publisher\":{\"@id\":\"https:\\\/\\\/espaciodearte7.com\\\/es\\\/#organization\"},\"potentialAction\":[{\"@type\":\"SearchAction\",\"target\":{\"@type\":\"EntryPoint\",\"urlTemplate\":\"https:\\\/\\\/espaciodearte7.com\\\/es\\\/?s={search_term_string}\"},\"query-input\":{\"@type\":\"PropertyValueSpecification\",\"valueRequired\":true,\"valueName\":\"search_term_string\"}}],\"inLanguage\":\"es\"},{\"@type\":\"Organization\",\"@id\":\"https:\\\/\\\/espaciodearte7.com\\\/es\\\/#organization\",\"name\":\"Espacio de arte 7\",\"url\":\"https:\\\/\\\/espaciodearte7.com\\\/es\\\/\",\"logo\":{\"@type\":\"ImageObject\",\"inLanguage\":\"es\",\"@id\":\"https:\\\/\\\/espaciodearte7.com\\\/es\\\/#\\\/schema\\\/logo\\\/image\\\/\",\"url\":\"https:\\\/\\\/espaciodearte7.com\\\/wp-content\\\/uploads\\\/Logo-Art-Space-7.webp\",\"contentUrl\":\"https:\\\/\\\/espaciodearte7.com\\\/wp-content\\\/uploads\\\/Logo-Art-Space-7.webp\",\"width\":613,\"height\":262,\"caption\":\"Espacio de arte 7\"},\"image\":{\"@id\":\"https:\\\/\\\/espaciodearte7.com\\\/es\\\/#\\\/schema\\\/logo\\\/image\\\/\"}}]}<\/script>\n<!-- \/ Yoast SEO plugin. -->","yoast_head_json":{"title":"Artistas - Espacio de Arte 7","robots":{"index":"index","follow":"follow","max-snippet":"max-snippet:-1","max-image-preview":"max-image-preview:large","max-video-preview":"max-video-preview:-1"},"canonical":"https:\/\/espaciodearte7.com\/es\/artistas\/","og_locale":"es_ES","og_type":"article","og_title":"Artistas - Espacio de Arte 7","og_description":"Artistas CARMEN C\u00d3LOGAN JOS\u00c9 ANTONIO ZARAGOZA TOBARUELA ILDEFONSO AGUILAR DE LA R\u00daA LUCIE GEFFR\u00c9 LOTHAR BRIX HELMUT KIESEWETTER MELTEM ULDES PETER HERMANS HERMANN SCHWAHN J\u00d6RG PLICKAT ANA BR\u00cdGIDA PEDRO FAUSTO DAVID M\u00c9NDEZ","og_url":"https:\/\/espaciodearte7.com\/es\/artistas\/","og_site_name":"Espacio de Arte 7","article_modified_time":"2024-12-19T08:06:35+00:00","og_image":[{"width":613,"height":262,"url":"https:\/\/espaciodearte7.com\/wp-content\/uploads\/Logo-Art-Space-7.webp","type":"image\/webp"}],"twitter_card":"summary_large_image","twitter_misc":{"Tiempo de lectura":"1 minuto"},"schema":{"@context":"https:\/\/schema.org","@graph":[{"@type":"WebPage","@id":"https:\/\/espaciodearte7.com\/es\/artistas\/","url":"https:\/\/espaciodearte7.com\/es\/artistas\/","name":"Artistas - Espacio de Arte 7","isPartOf":{"@id":"https:\/\/espaciodearte7.com\/es\/#website"},"datePublished":"2024-12-13T07:32:34+00:00","dateModified":"2024-12-19T08:06:35+00:00","breadcrumb":{"@id":"https:\/\/espaciodearte7.com\/es\/artistas\/#breadcrumb"},"inLanguage":"es","potentialAction":[{"@type":"ReadAction","target":["https:\/\/espaciodearte7.com\/es\/artistas\/"]}]},{"@type":"BreadcrumbList","@id":"https:\/\/espaciodearte7.com\/es\/artistas\/#breadcrumb","itemListElement":[{"@type":"ListItem","position":1,"name":"Home","item":"https:\/\/espaciodearte7.com\/es\/"},{"@type":"ListItem","position":2,"name":"Artistas"}]},{"@type":"WebSite","@id":"https:\/\/espaciodearte7.com\/es\/#website","url":"https:\/\/espaciodearte7.com\/es\/","name":"Espacio de Arte 7","description":"home","publisher":{"@id":"https:\/\/espaciodearte7.com\/es\/#organization"},"potentialAction":[{"@type":"SearchAction","target":{"@type":"EntryPoint","urlTemplate":"https:\/\/espaciodearte7.com\/es\/?s={search_term_string}"},"query-input":{"@type":"PropertyValueSpecification","valueRequired":true,"valueName":"search_term_string"}}],"inLanguage":"es"},{"@type":"Organization","@id":"https:\/\/espaciodearte7.com\/es\/#organization","name":"Espacio de arte 7","url":"https:\/\/espaciodearte7.com\/es\/","logo":{"@type":"ImageObject","inLanguage":"es","@id":"https:\/\/espaciodearte7.com\/es\/#\/schema\/logo\/image\/","url":"https:\/\/espaciodearte7.com\/wp-content\/uploads\/Logo-Art-Space-7.webp","contentUrl":"https:\/\/espaciodearte7.com\/wp-content\/uploads\/Logo-Art-Space-7.webp","width":613,"height":262,"caption":"Espacio de arte 7"},"image":{"@id":"https:\/\/espaciodearte7.com\/es\/#\/schema\/logo\/image\/"}}]}},"spectra_custom_meta":{"_edit_lock":["1737721297:2"],"_wpml_word_count":["{\"total\":34,\"to_translate\":{\"en\":34,\"de\":34}}"],"_uag_custom_page_level_css":[""],"site-sidebar-layout":["default"],"site-content-layout":[""],"ast-site-content-layout":["default"],"site-content-style":["default"],"site-sidebar-style":["default"],"ast-global-header-display":[""],"ast-banner-title-visibility":[""],"ast-main-header-display":[""],"ast-hfb-above-header-display":[""],"ast-hfb-below-header-display":[""],"ast-hfb-mobile-header-display":[""],"site-post-title":[""],"ast-breadcrumbs-content":[""],"ast-featured-img":[""],"footer-sml-layout":[""],"theme-transparent-header-meta":[""],"adv-header-id-meta":[""],"stick-header-meta":[""],"header-above-stick-meta":[""],"header-main-stick-meta":[""],"header-below-stick-meta":[""],"astra-migrate-meta-layouts":["set"],"ast-page-background-enabled":["default"],"ast-page-background-meta":["a:3:{s:7:\"desktop\";a:12:{s:16:\"background-color\";s:25:\"var(--ast-global-color-4)\";s:16:\"background-image\";s:0:\"\";s:17:\"background-repeat\";s:6:\"repeat\";s:19:\"background-position\";s:13:\"center center\";s:15:\"background-size\";s:4:\"auto\";s:21:\"background-attachment\";s:6:\"scroll\";s:15:\"background-type\";s:0:\"\";s:16:\"background-media\";s:0:\"\";s:12:\"overlay-type\";s:0:\"\";s:13:\"overlay-color\";s:0:\"\";s:15:\"overlay-opacity\";s:0:\"\";s:16:\"overlay-gradient\";s:0:\"\";}s:6:\"tablet\";a:12:{s:16:\"background-color\";s:0:\"\";s:16:\"background-image\";s:0:\"\";s:17:\"background-repeat\";s:6:\"repeat\";s:19:\"background-position\";s:13:\"center center\";s:15:\"background-size\";s:4:\"auto\";s:21:\"background-attachment\";s:6:\"scroll\";s:15:\"background-type\";s:0:\"\";s:16:\"background-media\";s:0:\"\";s:12:\"overlay-type\";s:0:\"\";s:13:\"overlay-color\";s:0:\"\";s:15:\"overlay-opacity\";s:0:\"\";s:16:\"overlay-gradient\";s:0:\"\";}s:6:\"mobile\";a:12:{s:16:\"background-color\";s:0:\"\";s:16:\"background-image\";s:0:\"\";s:17:\"background-repeat\";s:6:\"repeat\";s:19:\"background-position\";s:13:\"center center\";s:15:\"background-size\";s:4:\"auto\";s:21:\"background-attachment\";s:6:\"scroll\";s:15:\"background-type\";s:0:\"\";s:16:\"background-media\";s:0:\"\";s:12:\"overlay-type\";s:0:\"\";s:13:\"overlay-color\";s:0:\"\";s:15:\"overlay-opacity\";s:0:\"\";s:16:\"overlay-gradient\";s:0:\"\";}}"],"ast-content-background-meta":["a:3:{s:7:\"desktop\";a:12:{s:16:\"background-color\";s:25:\"var(--ast-global-color-5)\";s:16:\"background-image\";s:0:\"\";s:17:\"background-repeat\";s:6:\"repeat\";s:19:\"background-position\";s:13:\"center center\";s:15:\"background-size\";s:4:\"auto\";s:21:\"background-attachment\";s:6:\"scroll\";s:15:\"background-type\";s:0:\"\";s:16:\"background-media\";s:0:\"\";s:12:\"overlay-type\";s:0:\"\";s:13:\"overlay-color\";s:0:\"\";s:15:\"overlay-opacity\";s:0:\"\";s:16:\"overlay-gradient\";s:0:\"\";}s:6:\"tablet\";a:12:{s:16:\"background-color\";s:25:\"var(--ast-global-color-5)\";s:16:\"background-image\";s:0:\"\";s:17:\"background-repeat\";s:6:\"repeat\";s:19:\"background-position\";s:13:\"center center\";s:15:\"background-size\";s:4:\"auto\";s:21:\"background-attachment\";s:6:\"scroll\";s:15:\"background-type\";s:0:\"\";s:16:\"background-media\";s:0:\"\";s:12:\"overlay-type\";s:0:\"\";s:13:\"overlay-color\";s:0:\"\";s:15:\"overlay-opacity\";s:0:\"\";s:16:\"overlay-gradient\";s:0:\"\";}s:6:\"mobile\";a:12:{s:16:\"background-color\";s:25:\"var(--ast-global-color-5)\";s:16:\"background-image\";s:0:\"\";s:17:\"background-repeat\";s:6:\"repeat\";s:19:\"background-position\";s:13:\"center center\";s:15:\"background-size\";s:4:\"auto\";s:21:\"background-attachment\";s:6:\"scroll\";s:15:\"background-type\";s:0:\"\";s:16:\"background-media\";s:0:\"\";s:12:\"overlay-type\";s:0:\"\";s:13:\"overlay-color\";s:0:\"\";s:15:\"overlay-opacity\";s:0:\"\";s:16:\"overlay-gradient\";s:0:\"\";}}"],"footnotes":[""],"_edit_last":["2"],"_wpml_media_duplicate":["1"],"_wpml_media_featured":["1"],"_yoast_wpseo_content_score":["90"],"_yoast_wpseo_estimated-reading-time-minutes":["1"],"_wpml_location_migration_done":["1"],"copied_media_ids":["a:0:{}"],"referenced_media_ids":["a:0:{}"],"_uagb_previous_block_counts":["a:90:{s:21:\"uagb\/advanced-heading\";i:0;s:15:\"uagb\/blockquote\";i:0;s:12:\"uagb\/buttons\";i:0;s:18:\"uagb\/buttons-child\";i:0;s:19:\"uagb\/call-to-action\";i:0;s:15:\"uagb\/cf7-styler\";i:0;s:11:\"uagb\/column\";i:0;s:12:\"uagb\/columns\";i:0;s:14:\"uagb\/container\";i:1;s:21:\"uagb\/content-timeline\";i:0;s:27:\"uagb\/content-timeline-child\";i:0;s:14:\"uagb\/countdown\";i:0;s:12:\"uagb\/counter\";i:0;s:8:\"uagb\/faq\";i:0;s:14:\"uagb\/faq-child\";i:0;s:10:\"uagb\/forms\";i:0;s:17:\"uagb\/forms-accept\";i:0;s:19:\"uagb\/forms-checkbox\";i:0;s:15:\"uagb\/forms-date\";i:0;s:16:\"uagb\/forms-email\";i:0;s:17:\"uagb\/forms-hidden\";i:0;s:15:\"uagb\/forms-name\";i:0;s:16:\"uagb\/forms-phone\";i:0;s:16:\"uagb\/forms-radio\";i:0;s:17:\"uagb\/forms-select\";i:0;s:19:\"uagb\/forms-textarea\";i:0;s:17:\"uagb\/forms-toggle\";i:0;s:14:\"uagb\/forms-url\";i:0;s:14:\"uagb\/gf-styler\";i:0;s:15:\"uagb\/google-map\";i:0;s:11:\"uagb\/how-to\";i:0;s:16:\"uagb\/how-to-step\";i:0;s:9:\"uagb\/icon\";i:0;s:14:\"uagb\/icon-list\";i:0;s:20:\"uagb\/icon-list-child\";i:0;s:10:\"uagb\/image\";i:0;s:18:\"uagb\/image-gallery\";i:0;s:13:\"uagb\/info-box\";i:0;s:18:\"uagb\/inline-notice\";i:0;s:11:\"uagb\/lottie\";i:0;s:21:\"uagb\/marketing-button\";i:0;s:10:\"uagb\/modal\";i:0;s:18:\"uagb\/popup-builder\";i:0;s:16:\"uagb\/post-button\";i:0;s:18:\"uagb\/post-carousel\";i:0;s:17:\"uagb\/post-excerpt\";i:0;s:14:\"uagb\/post-grid\";i:0;s:15:\"uagb\/post-image\";i:0;s:17:\"uagb\/post-masonry\";i:0;s:14:\"uagb\/post-meta\";i:0;s:18:\"uagb\/post-taxonomy\";i:0;s:18:\"uagb\/post-timeline\";i:0;s:15:\"uagb\/post-title\";i:0;s:20:\"uagb\/restaurant-menu\";i:0;s:26:\"uagb\/restaurant-menu-child\";i:0;s:11:\"uagb\/review\";i:0;s:12:\"uagb\/section\";i:0;s:14:\"uagb\/separator\";i:0;s:11:\"uagb\/slider\";i:0;s:17:\"uagb\/slider-child\";i:0;s:17:\"uagb\/social-share\";i:0;s:23:\"uagb\/social-share-child\";i:0;s:16:\"uagb\/star-rating\";i:0;s:23:\"uagb\/sure-cart-checkout\";i:0;s:22:\"uagb\/sure-cart-product\";i:0;s:15:\"uagb\/sure-forms\";i:0;s:22:\"uagb\/table-of-contents\";i:0;s:9:\"uagb\/tabs\";i:0;s:15:\"uagb\/tabs-child\";i:0;s:18:\"uagb\/taxonomy-list\";i:0;s:9:\"uagb\/team\";i:0;s:16:\"uagb\/testimonial\";i:0;s:14:\"uagb\/wp-search\";i:0;s:19:\"uagb\/instagram-feed\";i:0;s:10:\"uagb\/login\";i:0;s:17:\"uagb\/loop-builder\";i:0;s:18:\"uagb\/loop-category\";i:0;s:20:\"uagb\/loop-pagination\";i:0;s:15:\"uagb\/loop-reset\";i:0;s:16:\"uagb\/loop-search\";i:0;s:14:\"uagb\/loop-sort\";i:0;s:17:\"uagb\/loop-wrapper\";i:0;s:13:\"uagb\/register\";i:0;s:19:\"uagb\/register-email\";i:0;s:24:\"uagb\/register-first-name\";i:0;s:23:\"uagb\/register-last-name\";i:0;s:22:\"uagb\/register-password\";i:0;s:30:\"uagb\/register-reenter-password\";i:0;s:19:\"uagb\/register-terms\";i:0;s:22:\"uagb\/register-username\";i:0;}"],"_uagb_last_spectra_edit":["1777265510"],"_uag_page_assets":["a:9:{s:3:\"css\";s:2435:\".wp-block-uagb-container.uagb-block-afd1604a .uagb-container__shape-top svg{width: calc( 100% + 1.3px );}.wp-block-uagb-container.uagb-block-afd1604a .uagb-container__shape.uagb-container__shape-top .uagb-container__shape-fill{fill: rgba(51,51,51,1);}.wp-block-uagb-container.uagb-block-afd1604a .uagb-container__shape-bottom svg{width: calc( 100% + 1.3px );}.wp-block-uagb-container.uagb-block-afd1604a .uagb-container__shape.uagb-container__shape-bottom .uagb-container__shape-fill{fill: rgba(51,51,51,1);}.wp-block-uagb-container.uagb-block-afd1604a .uagb-container__video-wrap video{opacity: 1;}.wp-block-uagb-container.uagb-is-root-container .uagb-block-afd1604a{max-width: 100%;width: 100%;}.wp-block-uagb-container.uagb-is-root-container.alignfull.uagb-block-afd1604a > .uagb-container-inner-blocks-wrap{--inner-content-custom-width: min( 100%, 1150px);max-width: var(--inner-content-custom-width);width: 100%;flex-direction: column;align-items: flex-start;justify-content: flex-start;flex-wrap: nowrap;row-gap: 0px;column-gap: 0px;}.wp-block-uagb-container.uagb-block-afd1604a{box-shadow: 0px 0px   #00000070 ;padding-top: 10px;padding-bottom: 10px;padding-left: 10px;padding-right: 10px;margin-top:  !important;margin-bottom:  !important;overflow: visible;order: initial;border-color: inherit;row-gap: 0px;column-gap: 0px;}@media only screen and (max-width: 976px) {.wp-block-uagb-container.uagb-is-root-container .uagb-block-afd1604a{width: 100%;}.wp-block-uagb-container.uagb-is-root-container.alignfull.uagb-block-afd1604a > .uagb-container-inner-blocks-wrap{--inner-content-custom-width: min( 100%, 1024px);max-width: var(--inner-content-custom-width);width: 100%;}.wp-block-uagb-container.uagb-block-afd1604a{padding-top: 10px;padding-bottom: 10px;padding-left: 10px;padding-right: 10px;margin-top:  !important;margin-bottom:  !important;order: initial;}}@media only screen and (max-width: 767px) {.wp-block-uagb-container.uagb-is-root-container .uagb-block-afd1604a{max-width: 100%;width: 100%;}.wp-block-uagb-container.uagb-is-root-container.alignfull.uagb-block-afd1604a > .uagb-container-inner-blocks-wrap{--inner-content-custom-width: min( 100%, 767px);max-width: var(--inner-content-custom-width);width: 100%;flex-wrap: wrap;}.wp-block-uagb-container.uagb-block-afd1604a{padding-top: 0px;padding-bottom: 0px;padding-left: 20px;padding-right: 20px;margin-top:  !important;margin-bottom:  !important;order: initial;}}\";s:2:\"js\";s:0:\"\";s:18:\"current_block_list\";a:2:{i:0;s:14:\"uagb\/container\";i:1;s:13:\"core\/freeform\";}s:8:\"uag_flag\";b:1;s:11:\"uag_version\";s:10:\"1778239097\";s:6:\"gfonts\";a:0:{}s:10:\"gfonts_url\";s:0:\"\";s:12:\"gfonts_files\";a:0:{}s:14:\"uag_faq_layout\";b:0;}"]},"uagb_featured_image_src":{"full":false,"thumbnail":false,"medium":false,"medium_large":false,"large":false,"1536x1536":false,"2048x2048":false},"uagb_author_info":{"display_name":"itlapalma","author_link":"https:\/\/espaciodearte7.com\/es\/author\/itlapalma\/"},"uagb_comment_info":0,"uagb_excerpt":"Artistas CARMEN C\u00d3LOGAN JOS\u00c9 ANTONIO ZARAGOZA TOBARUELA ILDEFONSO AGUILAR DE LA R\u00daA LUCIE GEFFR\u00c9 LOTHAR BRIX HELMUT KIESEWETTER MELTEM ULDES PETER HERMANS HERMANN SCHWAHN J\u00d6RG PLICKAT ANA BR\u00cdGIDA PEDRO FAUSTO DAVID M\u00c9NDEZ","_links":{"self":[{"href":"https:\/\/espaciodearte7.com\/es\/wp-json\/wp\/v2\/pages\/945","targetHints":{"allow":["GET"]}}],"collection":[{"href":"https:\/\/espaciodearte7.com\/es\/wp-json\/wp\/v2\/pages"}],"about":[{"href":"https:\/\/espaciodearte7.com\/es\/wp-json\/wp\/v2\/types\/page"}],"author":[{"embeddable":true,"href":"https:\/\/espaciodearte7.com\/es\/wp-json\/wp\/v2\/users\/2"}],"replies":[{"embeddable":true,"href":"https:\/\/espaciodearte7.com\/es\/wp-json\/wp\/v2\/comments?post=945"}],"version-history":[{"count":6,"href":"https:\/\/espaciodearte7.com\/es\/wp-json\/wp\/v2\/pages\/945\/revisions"}],"predecessor-version":[{"id":1617,"href":"https:\/\/espaciodearte7.com\/es\/wp-json\/wp\/v2\/pages\/945\/revisions\/1617"}],"wp:attachment":[{"href":"https:\/\/espaciodearte7.com\/es\/wp-json\/wp\/v2\/media?parent=945"}],"curies":[{"name":"wp","href":"https:\/\/api.w.org\/{rel}","templated":true}]}}